{"id":12,"date":"2015-01-28T17:25:35","date_gmt":"2015-01-28T17:25:35","guid":{"rendered":"http:\/\/macaroon.themeplayers.net\/\/?page_id=12"},"modified":"2016-08-19T11:24:44","modified_gmt":"2016-08-19T11:24:44","slug":"trastienda","status":"publish","type":"page","link":"https:\/\/tishirting.com\/en\/trastienda\/","title":{"rendered":"trastienda"},"content":{"rendered":"<p>[vc_row][vc_column width=&#8221;1\/1&#8243;][vc_column_text]\n<p style=\"text-align: center;\">Verano. Una noche de un viernes cualquiera en la que quedas con los amigos. Vamos a tomar algo en una terracita.Perfecto! Duchita fresca&#8230;perfume&#8230;tejanos cortos, zapatillas molongas&#8230; y tu camiseta preferida. Tu felicidad y regocijo se estrella directamente en una terraza llena de clones!<\/p>\n<p style=\"text-align: center;\"><strong>TODOS LLEVAN LA (piiii) CAMISETA DE I LOVE NY!!!<\/strong><\/p>\n<p><span style=\"color: #000000; font-family: Arial; font-size: 13px; line-height: normal; white-space: pre-wrap;\">\u00a0<\/span>[\/vc_column_text][\/vc_column][\/vc_row][vc_row type=&#8221;default&#8221; height=&#8221;200&#8243; parallax_ratio=&#8221;0.1&#8243; video_type=&#8221;mp4&#8243; divider_color=&#8221;ct-divider&#8211;primary&#8221; with_container=&#8221;true&#8221; content_centered=&#8221;&#8221; section_button=&#8221;&#8221; scroll=&#8221;section&#8221; ct_u_color=&#8221;inherit&#8221; css=&#8221;.vc_custom_1425223630164{padding-bottom: 80px !important;}&#8221;][vc_column width=&#8221;5\/12&#8243;]<div  class=\"auto\">\r\n        <img alt=\"Image Alternative Text\" src=\"https:\/\/tishirting.com\/wp-content\/uploads\/2015\/01\/screen-printing.jpg\">\r\n        <\/div>[\/vc_column][vc_column width=&#8221;7\/12&#8243;]<h4 class=\"ct-u-colorDarkGray\">GARAGE LOVERS<\/h4><hr  class=\"ct-dotted2\">[vc_column_text]Los grandes proyectos empezaron desde un garage&#8230; y nosotros seguimos la tradici\u00f3n! Usamos maquinas manuales y tintas de calidad. Una a una las camisetas son creadas a mano en nuestro peque\u00f1o taller, d\u00e1ndoles ese toque personalizado en cada pasada, obteniendo asi un producto que huye de las producciones masivas que encontramos en las grandes superficies. Guerra a los Clones![\/vc_column_text][\/vc_column][\/vc_row][vc_row type=&#8221;default&#8221; height=&#8221;200&#8243; parallax_ratio=&#8221;0.1&#8243; video_type=&#8221;mp4&#8243; divider_color=&#8221;ct-divider&#8211;primary&#8221; with_container=&#8221;true&#8221; content_centered=&#8221;&#8221; section_button=&#8221;&#8221; scroll=&#8221;section&#8221; ct_u_color=&#8221;inherit&#8221; css=&#8221;.vc_custom_1425223630164{padding-bottom: 80px !important;}&#8221;][vc_column width=&#8221;7\/12&#8243;]<h4 class=\"ct-u-colorDarkGray\">\u00daNICOS\/\u00daNICAS<\/h4><hr  class=\"ct-dotted2\">[vc_column_text]Cada concepto est\u00e1 numerado y limitado a 99 unidades para que puedas lucir una pieza original y \u00fanica. Corre que vuelan![\/vc_column_text][\/vc_column][vc_column width=&#8221;5\/12&#8243;]<div  class=\"auto\">\r\n        <img alt=\"Image Alternative Text\" src=\"https:\/\/tishirting.com\/wp-content\/uploads\/2015\/02\/be-different-tishirting2.jpg\">\r\n        <\/div>[\/vc_column][\/vc_row][vc_row type=&#8221;default&#8221; height=&#8221;200&#8243; parallax_ratio=&#8221;0.1&#8243; video_type=&#8221;mp4&#8243; divider_color=&#8221;ct-divider&#8211;primary&#8221; with_container=&#8221;true&#8221; content_centered=&#8221;&#8221; section_button=&#8221;&#8221; scroll=&#8221;section&#8221; ct_u_color=&#8221;inherit&#8221; css=&#8221;.vc_custom_1425223630164{padding-bottom: 80px !important;}&#8221;][vc_column width=&#8221;5\/12&#8243;]<div  class=\"auto\">\r\n        <img alt=\"Image Alternative Text\" src=\"https:\/\/tishirting.com\/wp-content\/uploads\/2015\/01\/colour_box_studio_presents_liz_dousts_learn_to_screen_print_in_a_day_workshop._photo_by_liz_doust-1540x866.jpg\">\r\n        <\/div>[\/vc_column][vc_column width=&#8221;7\/12&#8243;]<h4 class=\"ct-u-colorDarkGray\">COSAS DE CASA<\/h4><hr  class=\"ct-dotted2\">[vc_column_text]Todo los productos utilizados son comprados aqu\u00ed. Ayudamos a otras empresas como la nuestra a que generen m\u00e1s trabajo interno. Sabemos que existen productos m\u00e1s baratos en otros pa\u00edses pero es nuestra manera de echar un cable.[\/vc_column_text][\/vc_column][\/vc_row]<\/p>","protected":false},"excerpt":{"rendered":"<p>[vc_row][vc_column width=&#8221;1\/1&#8243;][vc_column_text] Verano. Una noche de un viernes cualquiera en la que quedas con los amigos. Vamos a tomar algo en una terracita.Perfecto! Duchita fresca&#8230;perfume&#8230;tejanos cortos, zapatillas molongas&#8230; y tu camiseta preferida. Tu felicidad y regocijo se estrella directamente en una terraza llena de clones! TODOS LLEVAN LA (piiii) CAMISETA DE I LOVE NY!!! \u00a0[\/vc_column_text][\/vc_column][\/vc_row][vc_row type=&#8221;default&#8221; height=&#8221;200&#8243; parallax_ratio=&#8221;0.1&#8243; video_type=&#8221;mp4&#8243; divider_color=&#8221;ct-divider&#8211;primary&#8221; [&hellip;]<\/p>\n","protected":false},"author":1,"featured_media":0,"parent":0,"menu_order":0,"comment_status":"open","ping_status":"open","template":"","meta":[],"_links":{"self":[{"href":"https:\/\/tishirting.com\/en\/wp-json\/wp\/v2\/pages\/12"}],"collection":[{"href":"https:\/\/tishirting.com\/en\/wp-json\/wp\/v2\/pages"}],"about":[{"href":"https:\/\/tishirting.com\/en\/wp-json\/wp\/v2\/types\/page"}],"author":[{"embeddable":true,"href":"https:\/\/tishirting.com\/en\/wp-json\/wp\/v2\/users\/1"}],"replies":[{"embeddable":true,"href":"https:\/\/tishirting.com\/en\/wp-json\/wp\/v2\/comments?post=12"}],"version-history":[{"count":10,"href":"https:\/\/tishirting.com\/en\/wp-json\/wp\/v2\/pages\/12\/revisions"}],"predecessor-version":[{"id":4362,"href":"https:\/\/tishirting.com\/en\/wp-json\/wp\/v2\/pages\/12\/revisions\/4362"}],"wp:attachment":[{"href":"https:\/\/tishirting.com\/en\/wp-json\/wp\/v2\/media?parent=12"}],"curies":[{"name":"wp","href":"https:\/\/api.w.org\/{rel}","templated":true}]}}