{"id":4692,"date":"2018-02-04T20:17:26","date_gmt":"2018-02-04T20:17:26","guid":{"rendered":"https:\/\/tishirting.com\/?post_type=product&#038;p=4692"},"modified":"2026-03-03T08:15:47","modified_gmt":"2026-03-03T08:15:47","slug":"english-gorro-impresion","status":"publish","type":"product","link":"https:\/\/tishirting.com\/en\/producto\/english-gorro-impresion\/","title":{"rendered":"Gorro impresi\u00f3n"},"content":{"rendered":"<ul>\n<li>100% poliacr\u00edlico (suave)<\/li>\n<li>Doble capa<\/li>\n<li>A\u00f1adido de algod\u00f3n sarga para imprimir (10 x 5cm)<\/li>\n<\/ul>\n","protected":false},"excerpt":{"rendered":"<p>100% poliacr\u00edlico (suave) Doble capa A\u00f1adido de algod\u00f3n sarga para imprimir (10 x 5cm)<\/p>\n","protected":false},"featured_media":4698,"comment_status":"open","ping_status":"closed","template":"","meta":[],"_links":{"self":[{"href":"https:\/\/tishirting.com\/en\/wp-json\/wp\/v2\/product\/4692"}],"collection":[{"href":"https:\/\/tishirting.com\/en\/wp-json\/wp\/v2\/product"}],"about":[{"href":"https:\/\/tishirting.com\/en\/wp-json\/wp\/v2\/types\/product"}],"replies":[{"embeddable":true,"href":"https:\/\/tishirting.com\/en\/wp-json\/wp\/v2\/comments?post=4692"}],"wp:featuredmedia":[{"embeddable":true,"href":"https:\/\/tishirting.com\/en\/wp-json\/wp\/v2\/media\/4698"}],"wp:attachment":[{"href":"https:\/\/tishirting.com\/en\/wp-json\/wp\/v2\/media?parent=4692"}],"curies":[{"name":"wp","href":"https:\/\/api.w.org\/{rel}","templated":true}]}}